{"id":1635,"date":"2016-05-10T10:26:18","date_gmt":"2016-05-10T10:26:18","guid":{"rendered":"http:\/\/wp.hotelparadisoverde.it\/?page_id=1635"},"modified":"2025-03-11T08:22:17","modified_gmt":"2025-03-11T08:22:17","slug":"marina-di-bibbona-rooms-sea-view","status":"publish","type":"page","link":"https:\/\/www.hotelparadisoverde.it\/en\/marina-di-bibbona-rooms-sea-view\/","title":{"rendered":"Rooms"},"content":{"rendered":"<p>[vc_row full_width=&#8221;stretch_row&#8221;][vc_column]<div class=\"sc_section\" data-animation=\"animated fadeInUp normal\"><div class=\"sc_section_inner\"><div class=\"sc_content content_wrap\">[vc_empty_space height=&#8221;65px&#8221;]<h6 class=\"sc_title sc_title_regular sc_align_center header6_style2\" style=\"text-align:center;\"><span class=\"header6_style2_inner_wrapper\">Marina di Bibbona Rooms<\/span><\/h6><div class=\"columns_wrap sc_columns columns_nofluid sc_columns_count_6\"><div class=\"column-2_6 sc_column_item sc_column_item_1 odd first span_2\"><div class=\"sc_dropcaps sc_dropcaps_style_2\"><span class=\"sc_dropcaps_item\">M<\/span>arina di Bibbona Rooms<\/div>[vc_column_text]Quiet and comfortable, the<strong> rooms of Hotel Paradiso Verde<\/strong> enjoy a wonderfull view over the sea, we have <em>comfort and standard rooms<\/em>.<br \/>\nThey are\u00a0modern and well designed, very bright and airy, with lots of space to store your luggage without detracting anything from the comfort of your room.<\/p>\n<p><strong>Big about 15 mq each, every room is equipped with:\u00a0<\/strong>[\/vc_column_text][vc_row_inner][vc_column_inner width=&#8221;1\/2&#8243;][vc_column_text]<\/p>\n<ul>\n<li><em>private bathroom with shower<\/em><\/li>\n<li><em>hairdryer<\/em><\/li>\n<li><em>air conditioning\/<\/em><em>heating<\/em><\/li>\n<li><em>phone\u00a0<\/em><\/li>\n<\/ul>\n<p>[\/vc_column_text][\/vc_column_inner][vc_column_inner width=&#8221;1\/2&#8243;][vc_column_text]<\/p>\n<ul>\n<li><i>sat TV<\/i><\/li>\n<li><em>terrace<\/em><\/li>\n<li><i>safe<\/i><\/li>\n<li><em>minibar (only in some rooms)<\/em><\/li>\n<\/ul>\n<p>[\/vc_column_text][\/vc_column_inner][\/vc_row_inner]<\/div><div class=\"column-4_6 sc_column_item sc_column_item_3 odd span_4 after_span_2\"><figure class=\"sc_image  alignright sc_image_shape_square sc_image_bordered\" data-animation=\"animated fadeInRight normal\"><img src=\"https:\/\/www.hotelparadisoverde.it\/wp-content\/uploads\/2025\/03\/Paradiso-Verde-7.png\" alt=\"\" \/><\/figure>[vc_column_text]<\/p>\n<p style=\"text-align: center;\"><strong>Standard Room<\/strong><\/p>\n<p>[\/vc_column_text]<figure class=\"sc_image  alignright sc_image_shape_square sc_image_bordered\"><img src=\"https:\/\/www.hotelparadisoverde.it\/wp-content\/uploads\/2025\/01\/003-1.jpg\" alt=\"\" \/><\/figure>[vc_column_text]<\/p>\n<p style=\"text-align: center;\"><strong>Comfort Room<\/strong><\/p>\n<p>[\/vc_column_text]<figure class=\"sc_image  alignright sc_image_shape_square sc_image_bordered\"><img src=\"https:\/\/www.hotelparadisoverde.it\/wp-content\/uploads\/2025\/01\/004.jpg\" alt=\"\" \/><\/figure>[vc_column_text]<\/p>\n<p style=\"text-align: center;\"><strong>Comfort Room Sea View<\/strong><\/p>\n<p>[\/vc_column_text]<figure class=\"sc_image  alignright sc_image_shape_square sc_image_bordered\" data-animation=\"animated fadeInRight normal\"><img src=\"https:\/\/www.hotelparadisoverde.it\/wp-content\/uploads\/2025\/02\/DR1_1753.jpg\" alt=\"\" \/><figcaption><span><\/span> Bathroom Comfort Room<\/figcaption><\/figure>[vc_column_text]<\/p>\n<p style=\"text-align: center;\"><strong>Bathroom Comfort Room<\/strong><\/p>\n<p>[\/vc_column_text]<\/div><\/div>[vc_empty_space height=&#8221;55px&#8221;]<\/div><\/div><\/div>[\/vc_column][\/vc_row][vc_row full_width=&#8221;stretch_row&#8221; css=&#8221;.vc_custom_1436434084248{background-color: #fafafa !important;}&#8221;][vc_column]<div class=\"sc_section\" data-animation=\"animated fadeInUp normal\"><div class=\"sc_section_inner\"><div class=\"sc_content content_wrap\">[vc_empty_space height=&#8221;55px&#8221;]<div id=\"sc_testimonials_1418315827\" class=\"sc_testimonials sc_testimonials_style_testimonials-5  sc_slider_nopagination sc_slider_controls sc_slider_controls_side sc_slider_swiper swiper-slider-container\" data-interval=\"6956\" style=\"width:100%;\"><div class=\"slides swiper-wrapper\"><div class=\"swiper-slide\" data-style=\"width:100%;\" style=\"width:100%;\">\t\t\t<div id=\"sc_testimonials_1418315827_1\" class=\"sc_testimonial_item\">\n\t\t\t\t\t\t\t\t\t<div class=\"sc_testimonial_avatar\"><img class=\"wp-post-image\" width=\"75\" height=\"75\" alt=\"\u201cRilassante e comodo\u201d\" src=\"https:\/\/www.hotelparadisoverde.it\/wp-content\/uploads\/2015\/06\/m_Ombrellone_1280-75x75.jpg\"><\/div>\n\t\t\t\t\t\t\t\t<div class=\"sc_testimonial_content\">Hotel molto carino con molte comodit\u00e0 ed ottima posizione, in pratica sulla splendida spiaggia di marina di bibbona! Personale gentile e disponibile per eventuali consigli sul soggiorno in zona. Da consigliare.<\/div>\n\t\t\t\t\t\t\t\t<div class=\"sc_testimonial_author\"><span class=\"sc_testimonial_author_name\">Giacomo82Li<\/span><span class=\"sc_testimonial_author_position\">Tripadvisor<\/span><\/div>\n\t\t\t\t\t\t\t<\/div>\n\t\t<\/div><div class=\"swiper-slide\" data-style=\"width:100%;\" style=\"width:100%;\">\t\t\t<div id=\"sc_testimonials_1418315827_2\" class=\"sc_testimonial_item\">\n\t\t\t\t\t\t\t\t\t<div class=\"sc_testimonial_avatar\"><img class=\"wp-post-image\" width=\"75\" height=\"75\" alt=\"\u201cGentilezza e comodit\u00e0!\u201d\" src=\"https:\/\/www.hotelparadisoverde.it\/wp-content\/uploads\/2015\/06\/back3-75x75.jpg\"><\/div>\n\t\t\t\t\t\t\t\t<div class=\"sc_testimonial_content\">L'hotel \u00e8 situato in una posizione ottima, le stanze sono confortevoli, la colazione adeguata. Il parcheggio \u00e8 molto comodo e grazie alla cordialit\u00e0 dei gestori ci siamo trovati davvero bene. L'atmosfera \u00e8 informale e rilassante. Consigliato!<\/div>\n\t\t\t\t\t\t\t\t<div class=\"sc_testimonial_author\"><span class=\"sc_testimonial_author_name\">Illy2903<\/span><span class=\"sc_testimonial_author_position\">Tripadvisor<\/span><\/div>\n\t\t\t\t\t\t\t<\/div>\n\t\t<\/div><div class=\"swiper-slide\" data-style=\"width:100%;\" style=\"width:100%;\">\t\t\t<div id=\"sc_testimonials_1418315827_3\" class=\"sc_testimonial_item\">\n\t\t\t\t\t\t\t\t\t<div class=\"sc_testimonial_avatar\"><img class=\"wp-post-image\" width=\"75\" height=\"75\" alt=\"\u201crelax e ottima posizione\u201d\" src=\"https:\/\/www.hotelparadisoverde.it\/wp-content\/uploads\/2015\/05\/Meteo-soare-plaja-75x75.jpg\"><\/div>\n\t\t\t\t\t\t\t\t<div class=\"sc_testimonial_content\">9 giorni in una struttura tranquilla e confortevole.ottima posizione a 50 mt dal mare.piscina e parcheggio privato. una menzione merita il personale per la cortesia e la disponibilit\u00e0.\u00a0Hotel da prendere in seria considerazione.<\/div>\n\t\t\t\t\t\t\t\t<div class=\"sc_testimonial_author\"><span class=\"sc_testimonial_author_name\">Laura Maria R<\/span><span class=\"sc_testimonial_author_position\">Tripadvisor<\/span><\/div>\n\t\t\t\t\t\t\t<\/div>\n\t\t<\/div><\/div><div class=\"sc_slider_controls_wrap\"><a class=\"sc_slider_prev\" href=\"#\"><\/a><a class=\"sc_slider_next\" href=\"#\"><\/a><\/div><div class=\"sc_slider_pagination_wrap\"><\/div><\/div>[vc_empty_space height=&#8221;75px&#8221;]<\/div><\/div><\/div>[\/vc_column][\/vc_row]<\/p>\n","protected":false},"excerpt":{"rendered":"<p>[vc_row full_width=&#8221;stretch_row&#8221;][vc_column][\/vc_column][\/vc_row][vc_row full_width=&#8221;stretch_row&#8221; css=&#8221;.vc_custom_1436434084248{background-color: #fafafa !important;}&#8221;][vc_column][\/vc_column][\/vc_row]<\/p>\n","protected":false},"author":2,"featured_media":0,"parent":0,"menu_order":0,"comment_status":"closed","ping_status":"closed","template":"","meta":{"_expiration-date-status":"","_expiration-date":0,"_expiration-date-type":"","_expiration-date-categories":[],"_expiration-date-options":[]},"yoast_head":"<!-- This site is optimized with the Yoast SEO plugin v19.6.1 - https:\/\/yoast.com\/wordpress\/plugins\/seo\/ -->\n<title>MARINA DI BIBBONA ROOMS SEA VIEW: Hotel Paradiso Verde<\/title>\n<meta name=\"description\" content=\"Paradiso Verde has rooms with sea view in Marina di Bibbona with air condition, terrace, safety and hairdryer.\" \/>\n<meta name=\"robots\" content=\"index, follow, max-snippet:-1, max-image-preview:large, max-video-preview:-1\" \/>\n<link rel=\"canonical\" href=\"https:\/\/www.hotelparadisoverde.it\/en\/marina-di-bibbona-rooms-sea-view\/\" \/>\n<meta property=\"og:locale\" content=\"en_US\" \/>\n<meta property=\"og:type\" content=\"article\" \/>\n<meta property=\"og:title\" content=\"MARINA DI BIBBONA ROOMS SEA VIEW: Hotel Paradiso Verde\" \/>\n<meta property=\"og:description\" content=\"Paradiso Verde has rooms with sea view in Marina di Bibbona with air condition, terrace, safety and hairdryer.\" \/>\n<meta property=\"og:url\" content=\"https:\/\/www.hotelparadisoverde.it\/en\/marina-di-bibbona-rooms-sea-view\/\" \/>\n<meta property=\"og:site_name\" content=\"Hotel Paradiso Verde\" \/>\n<meta property=\"article:modified_time\" content=\"2025-03-11T08:22:17+00:00\" \/>\n<meta name=\"twitter:card\" content=\"summary\" \/>\n<meta name=\"twitter:label1\" content=\"Est. reading time\" \/>\n\t<meta name=\"twitter:data1\" content=\"1 minute\" \/>\n<script type=\"application\/ld+json\" class=\"yoast-schema-graph\">{\"@context\":\"https:\/\/schema.org\",\"@graph\":[{\"@type\":\"WebPage\",\"@id\":\"https:\/\/www.hotelparadisoverde.it\/en\/marina-di-bibbona-rooms-sea-view\/\",\"url\":\"https:\/\/www.hotelparadisoverde.it\/en\/marina-di-bibbona-rooms-sea-view\/\",\"name\":\"MARINA DI BIBBONA ROOMS SEA VIEW: Hotel Paradiso Verde\",\"isPartOf\":{\"@id\":\"https:\/\/www.hotelparadisoverde.it\/#website\"},\"datePublished\":\"2016-05-10T10:26:18+00:00\",\"dateModified\":\"2025-03-11T08:22:17+00:00\",\"description\":\"Paradiso Verde has rooms with sea view in Marina di Bibbona with air condition, terrace, safety and hairdryer.\",\"breadcrumb\":{\"@id\":\"https:\/\/www.hotelparadisoverde.it\/en\/marina-di-bibbona-rooms-sea-view\/#breadcrumb\"},\"inLanguage\":\"en-US\",\"potentialAction\":[{\"@type\":\"ReadAction\",\"target\":[\"https:\/\/www.hotelparadisoverde.it\/en\/marina-di-bibbona-rooms-sea-view\/\"]}]},{\"@type\":\"BreadcrumbList\",\"@id\":\"https:\/\/www.hotelparadisoverde.it\/en\/marina-di-bibbona-rooms-sea-view\/#breadcrumb\",\"itemListElement\":[{\"@type\":\"ListItem\",\"position\":1,\"name\":\"Home\",\"item\":\"https:\/\/www.hotelparadisoverde.it\/en\/\"},{\"@type\":\"ListItem\",\"position\":2,\"name\":\"Rooms\"}]},{\"@type\":\"WebSite\",\"@id\":\"https:\/\/www.hotelparadisoverde.it\/#website\",\"url\":\"https:\/\/www.hotelparadisoverde.it\/\",\"name\":\"Hotel Paradiso Verde\",\"description\":\"Just another WordPress site\",\"potentialAction\":[{\"@type\":\"SearchAction\",\"target\":{\"@type\":\"EntryPoint\",\"urlTemplate\":\"https:\/\/www.hotelparadisoverde.it\/?s={search_term_string}\"},\"query-input\":\"required name=search_term_string\"}],\"inLanguage\":\"en-US\"}]}<\/script>\n<!-- \/ Yoast SEO plugin. -->","yoast_head_json":{"title":"MARINA DI BIBBONA ROOMS SEA VIEW: Hotel Paradiso Verde","description":"Paradiso Verde has rooms with sea view in Marina di Bibbona with air condition, terrace, safety and hairdryer.","robots":{"index":"index","follow":"follow","max-snippet":"max-snippet:-1","max-image-preview":"max-image-preview:large","max-video-preview":"max-video-preview:-1"},"canonical":"https:\/\/www.hotelparadisoverde.it\/en\/marina-di-bibbona-rooms-sea-view\/","og_locale":"en_US","og_type":"article","og_title":"MARINA DI BIBBONA ROOMS SEA VIEW: Hotel Paradiso Verde","og_description":"Paradiso Verde has rooms with sea view in Marina di Bibbona with air condition, terrace, safety and hairdryer.","og_url":"https:\/\/www.hotelparadisoverde.it\/en\/marina-di-bibbona-rooms-sea-view\/","og_site_name":"Hotel Paradiso Verde","article_modified_time":"2025-03-11T08:22:17+00:00","twitter_card":"summary","twitter_misc":{"Est. reading time":"1 minute"},"schema":{"@context":"https:\/\/schema.org","@graph":[{"@type":"WebPage","@id":"https:\/\/www.hotelparadisoverde.it\/en\/marina-di-bibbona-rooms-sea-view\/","url":"https:\/\/www.hotelparadisoverde.it\/en\/marina-di-bibbona-rooms-sea-view\/","name":"MARINA DI BIBBONA ROOMS SEA VIEW: Hotel Paradiso Verde","isPartOf":{"@id":"https:\/\/www.hotelparadisoverde.it\/#website"},"datePublished":"2016-05-10T10:26:18+00:00","dateModified":"2025-03-11T08:22:17+00:00","description":"Paradiso Verde has rooms with sea view in Marina di Bibbona with air condition, terrace, safety and hairdryer.","breadcrumb":{"@id":"https:\/\/www.hotelparadisoverde.it\/en\/marina-di-bibbona-rooms-sea-view\/#breadcrumb"},"inLanguage":"en-US","potentialAction":[{"@type":"ReadAction","target":["https:\/\/www.hotelparadisoverde.it\/en\/marina-di-bibbona-rooms-sea-view\/"]}]},{"@type":"BreadcrumbList","@id":"https:\/\/www.hotelparadisoverde.it\/en\/marina-di-bibbona-rooms-sea-view\/#breadcrumb","itemListElement":[{"@type":"ListItem","position":1,"name":"Home","item":"https:\/\/www.hotelparadisoverde.it\/en\/"},{"@type":"ListItem","position":2,"name":"Rooms"}]},{"@type":"WebSite","@id":"https:\/\/www.hotelparadisoverde.it\/#website","url":"https:\/\/www.hotelparadisoverde.it\/","name":"Hotel Paradiso Verde","description":"Just another WordPress site","potentialAction":[{"@type":"SearchAction","target":{"@type":"EntryPoint","urlTemplate":"https:\/\/www.hotelparadisoverde.it\/?s={search_term_string}"},"query-input":"required name=search_term_string"}],"inLanguage":"en-US"}]}},"_links":{"self":[{"href":"https:\/\/www.hotelparadisoverde.it\/en\/wp-json\/wp\/v2\/pages\/1635"}],"collection":[{"href":"https:\/\/www.hotelparadisoverde.it\/en\/wp-json\/wp\/v2\/pages"}],"about":[{"href":"https:\/\/www.hotelparadisoverde.it\/en\/wp-json\/wp\/v2\/types\/page"}],"author":[{"embeddable":true,"href":"https:\/\/www.hotelparadisoverde.it\/en\/wp-json\/wp\/v2\/users\/2"}],"replies":[{"embeddable":true,"href":"https:\/\/www.hotelparadisoverde.it\/en\/wp-json\/wp\/v2\/comments?post=1635"}],"version-history":[{"count":6,"href":"https:\/\/www.hotelparadisoverde.it\/en\/wp-json\/wp\/v2\/pages\/1635\/revisions"}],"predecessor-version":[{"id":4359,"href":"https:\/\/www.hotelparadisoverde.it\/en\/wp-json\/wp\/v2\/pages\/1635\/revisions\/4359"}],"wp:attachment":[{"href":"https:\/\/www.hotelparadisoverde.it\/en\/wp-json\/wp\/v2\/media?parent=1635"}],"curies":[{"name":"wp","href":"https:\/\/api.w.org\/{rel}","templated":true}]}}